{"id":5490,"date":"2023-04-06T13:45:55","date_gmt":"2023-04-06T11:45:55","guid":{"rendered":"https:\/\/www.cftproduction.com\/an\/?page_id=5490"},"modified":"2025-01-06T13:47:46","modified_gmt":"2025-01-06T12:47:46","slug":"evenement","status":"publish","type":"page","link":"https:\/\/www.cftproduction.com\/an\/evenement\/","title":{"rendered":"\u00c9v\u00e9nement"},"content":{"rendered":"\t\t<div data-elementor-type=\"wp-page\" data-elementor-id=\"5490\" class=\"elementor elementor-5490\">\n\t\t\t\t\t\t<section class=\"elementor-section elementor-top-section elementor-element elementor-element-4a9ef26f elementor-section-content-middle elementor-section-boxed elementor-section-height-default elementor-section-height-default\" data-id=\"4a9ef26f\" data-element_type=\"section\" data-settings=\"{&quot;background_background&quot;:&quot;classic&quot;}\">\n\t\t\t\t\t\t\t<div class=\"elementor-background-overlay\"><\/div>\n\t\t\t\t\t\t\t<div class=\"elementor-container elementor-column-gap-wide\">\n\t\t\t\t\t<div class=\"elementor-column elementor-col-100 elementor-top-column elementor-element elementor-element-291fa95b\" data-id=\"291fa95b\" data-element_type=\"column\">\n\t\t\t<div class=\"elementor-widget-wrap elementor-element-populated\">\n\t\t\t\t\t\t<div class=\"elementor-element elementor-element-1b7b37e1 elementor-invisible elementor-widget elementor-widget-heading\" data-id=\"1b7b37e1\" data-element_type=\"widget\" data-settings=\"{&quot;_animation&quot;:&quot;fadeIn&quot;,&quot;_animation_delay&quot;:100}\" data-widget_type=\"heading.default\">\n\t\t\t\t<div class=\"elementor-widget-container\">\n\t\t\t\t\t<h2 class=\"elementor-heading-title elementor-size-default\">Nos \u00c9v\u00e9nement<\/h2>\t\t\t\t<\/div>\n\t\t\t\t<\/div>\n\t\t\t\t<div class=\"elementor-element elementor-element-447133b4 elementor-widget-divider--view-line elementor-invisible elementor-widget elementor-widget-divider\" data-id=\"447133b4\" data-element_type=\"widget\" data-settings=\"{&quot;_animation&quot;:&quot;fadeIn&quot;,&quot;_animation_delay&quot;:300}\" data-widget_type=\"divider.default\">\n\t\t\t\t<div class=\"elementor-widget-container\">\n\t\t\t\t\t\t\t<div class=\"elementor-divider\">\n\t\t\t<span class=\"elementor-divider-separator\">\n\t\t\t\t\t\t<\/span>\n\t\t<\/div>\n\t\t\t\t\t\t<\/div>\n\t\t\t\t<\/div>\n\t\t\t\t<section class=\"elementor-section elementor-inner-section elementor-element elementor-element-4affd2c0 envato-kit-141-top-0 elementor-section-boxed elementor-section-height-default elementor-section-height-default\" data-id=\"4affd2c0\" data-element_type=\"section\">\n\t\t\t\t\t\t<div class=\"elementor-container elementor-column-gap-default\">\n\t\t\t\t\t<div class=\"elementor-column elementor-col-33 elementor-inner-column elementor-element elementor-element-5d6f5b22 elementor-invisible\" data-id=\"5d6f5b22\" data-element_type=\"column\" data-settings=\"{&quot;background_background&quot;:&quot;classic&quot;,&quot;animation&quot;:&quot;fadeIn&quot;,&quot;animation_delay&quot;:100}\">\n\t\t\t<div class=\"elementor-widget-wrap elementor-element-populated\">\n\t\t\t\t\t\t<div class=\"elementor-element elementor-element-39853854 elementor-widget elementor-widget-image\" data-id=\"39853854\" data-element_type=\"widget\" data-widget_type=\"image.default\">\n\t\t\t\t<div class=\"elementor-widget-container\">\n\t\t\t\t\t\t\t\t\t\t\t\t\t\t\t\t<a href=\"https:\/\/ibdaa.tn\/%D8%A7%D9%84%D9%85%D8%B4%D8%B1%D9%88%D8%B9-%D8%A7%D9%84%D8%B1%D9%82%D9%85%D9%8A-%D9%85%D8%AE%D8%AA%D8%A8%D8%B1-%D9%81%D9%8A%D9%84%D9%85%D9%8A-%D8%A7%D9%84%D8%A3%D9%88%D9%84-%D9%84%D9%84%D8%A7%D8%A8%D8%AF%D8%A7%D8%B9\" target=\"_blank\">\n\t\t\t\t\t\t\t<img fetchpriority=\"high\" decoding=\"async\" width=\"800\" height=\"450\" src=\"https:\/\/www.cftproduction.com\/an\/wp-content\/uploads\/2023\/04\/AFFICHE-04.png\" class=\"attachment-large size-large wp-image-5501\" alt=\"\" srcset=\"https:\/\/www.cftproduction.com\/an\/wp-content\/uploads\/2023\/04\/AFFICHE-04.png 800w, https:\/\/www.cftproduction.com\/an\/wp-content\/uploads\/2023\/04\/AFFICHE-04-300x169.png 300w, https:\/\/www.cftproduction.com\/an\/wp-content\/uploads\/2023\/04\/AFFICHE-04-768x432.png 768w, https:\/\/www.cftproduction.com\/an\/wp-content\/uploads\/2023\/04\/AFFICHE-04-600x338.png 600w\" sizes=\"(max-width: 800px) 100vw, 800px\" \/>\t\t\t\t\t\t\t\t<\/a>\n\t\t\t\t\t\t\t\t\t\t\t\t\t\t\t<\/div>\n\t\t\t\t<\/div>\n\t\t\t\t<div class=\"elementor-element elementor-element-53c8b135 elementor-widget elementor-widget-heading\" data-id=\"53c8b135\" data-element_type=\"widget\" data-widget_type=\"heading.default\">\n\t\t\t\t<div class=\"elementor-widget-container\">\n\t\t\t\t\t<h2 class=\"elementor-heading-title elementor-size-default\"><a href=\"https:\/\/ibdaa.tn\/%D8%A7%D9%84%D9%85%D8%B4%D8%B1%D9%88%D8%B9-%D8%A7%D9%84%D8%B1%D9%82%D9%85%D9%8A-%D9%85%D8%AE%D8%AA%D8%A8%D8%B1-%D9%81%D9%8A%D9%84%D9%85%D9%8A-%D8%A7%D9%84%D8%A3%D9%88%D9%84-%D9%84%D9%84%D8%A7%D8%A8%D8%AF%D8%A7%D8%B9\" target=\"_blank\">La platforme numerique<\/a><\/h2>\t\t\t\t<\/div>\n\t\t\t\t<\/div>\n\t\t\t\t<div class=\"elementor-element elementor-element-1ce1a9c6 elementor-widget elementor-widget-button\" data-id=\"1ce1a9c6\" data-element_type=\"widget\" data-widget_type=\"button.default\">\n\t\t\t\t<div class=\"elementor-widget-container\">\n\t\t\t\t\t\t\t\t\t<div class=\"elementor-button-wrapper\">\n\t\t\t\t\t<a class=\"elementor-button elementor-button-link elementor-size-sm\" href=\"https:\/\/ibdaa.tn\/%D8%A7%D9%84%D9%85%D8%B4%D8%B1%D9%88%D8%B9-%D8%A7%D9%84%D8%B1%D9%82%D9%85%D9%8A-%D9%85%D8%AE%D8%AA%D8%A8%D8%B1-%D9%81%D9%8A%D9%84%D9%85%D9%8A-%D8%A7%D9%84%D8%A3%D9%88%D9%84-%D9%84%D9%84%D8%A7%D8%A8%D8%AF%D8%A7%D8%B9\" target=\"_blank\">\n\t\t\t\t\t\t<span class=\"elementor-button-content-wrapper\">\n\t\t\t\t\t\t\t\t\t<span class=\"elementor-button-text\">Plus d'informations<\/span>\n\t\t\t\t\t<\/span>\n\t\t\t\t\t<\/a>\n\t\t\t\t<\/div>\n\t\t\t\t\t\t\t\t<\/div>\n\t\t\t\t<\/div>\n\t\t\t\t\t<\/div>\n\t\t<\/div>\n\t\t\t\t<div class=\"elementor-column elementor-col-33 elementor-inner-column elementor-element elementor-element-594a7daf elementor-invisible\" data-id=\"594a7daf\" data-element_type=\"column\" data-settings=\"{&quot;background_background&quot;:&quot;classic&quot;,&quot;animation&quot;:&quot;fadeIn&quot;,&quot;animation_delay&quot;:200}\">\n\t\t\t<div class=\"elementor-widget-wrap elementor-element-populated\">\n\t\t\t\t\t\t<div class=\"elementor-element elementor-element-79a1db31 elementor-widget elementor-widget-image\" data-id=\"79a1db31\" data-element_type=\"widget\" data-widget_type=\"image.default\">\n\t\t\t\t<div class=\"elementor-widget-container\">\n\t\t\t\t\t\t\t\t\t\t\t\t\t\t\t\t<a href=\"https:\/\/ibdaa.tn\/%D8%A7%D9%84%D9%85%D9%87%D8%B1%D8%AC%D8%A7%D9%86-%D8%A7%D9%84%D8%AF%D9%88%D9%84%D9%8A-%D9%84%D8%B3%D9%8A%D9%86%D9%85%D8%A7-%D8%A7%D9%84%D9%85%D9%86%D8%A7%D8%AC%D9%85-%D8%A8%D8%A7%D9%84%D8%AC%D8%B1%D9%8A%D8%B5%D8%A9\" target=\"_blank\">\n\t\t\t\t\t\t\t<img decoding=\"async\" width=\"800\" height=\"450\" src=\"https:\/\/www.cftproduction.com\/an\/wp-content\/uploads\/2023\/04\/cinema_0.jpg\" class=\"attachment-large size-large wp-image-5502\" alt=\"\" srcset=\"https:\/\/www.cftproduction.com\/an\/wp-content\/uploads\/2023\/04\/cinema_0.jpg 800w, https:\/\/www.cftproduction.com\/an\/wp-content\/uploads\/2023\/04\/cinema_0-300x169.jpg 300w, https:\/\/www.cftproduction.com\/an\/wp-content\/uploads\/2023\/04\/cinema_0-768x432.jpg 768w, https:\/\/www.cftproduction.com\/an\/wp-content\/uploads\/2023\/04\/cinema_0-600x338.jpg 600w\" sizes=\"(max-width: 800px) 100vw, 800px\" \/>\t\t\t\t\t\t\t\t<\/a>\n\t\t\t\t\t\t\t\t\t\t\t\t\t\t\t<\/div>\n\t\t\t\t<\/div>\n\t\t\t\t<div class=\"elementor-element elementor-element-23b7873d elementor-widget elementor-widget-heading\" data-id=\"23b7873d\" data-element_type=\"widget\" data-widget_type=\"heading.default\">\n\t\t\t\t<div class=\"elementor-widget-container\">\n\t\t\t\t\t<h2 class=\"elementor-heading-title elementor-size-default\"><a href=\"https:\/\/ibdaa.tn\/%D8%A7%D9%84%D9%85%D9%87%D8%B1%D8%AC%D8%A7%D9%86-%D8%A7%D9%84%D8%AF%D9%88%D9%84%D9%8A-%D9%84%D8%B3%D9%8A%D9%86%D9%85%D8%A7-%D8%A7%D9%84%D9%85%D9%86%D8%A7%D8%AC%D9%85-%D8%A8%D8%A7%D9%84%D8%AC%D8%B1%D9%8A%D8%B5%D8%A9\" target=\"_blank\">Le Festival international du film d'El-Managem \u00e0 Jreisa<\/a><\/h2>\t\t\t\t<\/div>\n\t\t\t\t<\/div>\n\t\t\t\t<div class=\"elementor-element elementor-element-759a5c33 elementor-widget elementor-widget-button\" data-id=\"759a5c33\" data-element_type=\"widget\" data-widget_type=\"button.default\">\n\t\t\t\t<div class=\"elementor-widget-container\">\n\t\t\t\t\t\t\t\t\t<div class=\"elementor-button-wrapper\">\n\t\t\t\t\t<a class=\"elementor-button elementor-button-link elementor-size-sm\" href=\"https:\/\/ibdaa.tn\/%D8%A7%D9%84%D9%85%D9%87%D8%B1%D8%AC%D8%A7%D9%86-%D8%A7%D9%84%D8%AF%D9%88%D9%84%D9%8A-%D9%84%D8%B3%D9%8A%D9%86%D9%85%D8%A7-%D8%A7%D9%84%D9%85%D9%86%D8%A7%D8%AC%D9%85-%D8%A8%D8%A7%D9%84%D8%AC%D8%B1%D9%8A%D8%B5%D8%A9\" target=\"_blank\">\n\t\t\t\t\t\t<span class=\"elementor-button-content-wrapper\">\n\t\t\t\t\t\t\t\t\t<span class=\"elementor-button-text\">Plus d'informations<\/span>\n\t\t\t\t\t<\/span>\n\t\t\t\t\t<\/a>\n\t\t\t\t<\/div>\n\t\t\t\t\t\t\t\t<\/div>\n\t\t\t\t<\/div>\n\t\t\t\t\t<\/div>\n\t\t<\/div>\n\t\t\t\t<div class=\"elementor-column elementor-col-33 elementor-inner-column elementor-element elementor-element-25e63365 elementor-invisible\" data-id=\"25e63365\" data-element_type=\"column\" data-settings=\"{&quot;background_background&quot;:&quot;classic&quot;,&quot;animation&quot;:&quot;fadeIn&quot;,&quot;animation_delay&quot;:300}\">\n\t\t\t<div class=\"elementor-widget-wrap elementor-element-populated\">\n\t\t\t\t\t\t<div class=\"elementor-element elementor-element-6ec24b08 elementor-widget elementor-widget-image\" data-id=\"6ec24b08\" data-element_type=\"widget\" data-widget_type=\"image.default\">\n\t\t\t\t<div class=\"elementor-widget-container\">\n\t\t\t\t\t\t\t\t\t\t\t\t\t\t\t\t<a href=\"https:\/\/ibdaa.tn\/%D8%A7%D9%84%D9%85%D9%87%D8%B1%D8%AC%D8%A7%D9%86-%D8%A7%D9%84%D8%AD%D8%B1-%D9%84%D9%84%D9%81%D9%8A%D9%84%D9%85-%D8%A7%D9%84%D8%A3%D9%88%D9%84-%D9%84%D8%B6%D9%81%D8%AA%D9%8A-%D8%A7%D9%84%D9%85%D8%AA%D9%88%D8%B3%D8%B7\" target=\"_blank\">\n\t\t\t\t\t\t\t<img decoding=\"async\" width=\"800\" height=\"450\" src=\"https:\/\/www.cftproduction.com\/an\/wp-content\/uploads\/2023\/04\/fest-indep.jpg\" class=\"attachment-large size-large wp-image-5503\" alt=\"\" srcset=\"https:\/\/www.cftproduction.com\/an\/wp-content\/uploads\/2023\/04\/fest-indep.jpg 800w, https:\/\/www.cftproduction.com\/an\/wp-content\/uploads\/2023\/04\/fest-indep-300x169.jpg 300w, https:\/\/www.cftproduction.com\/an\/wp-content\/uploads\/2023\/04\/fest-indep-768x432.jpg 768w, https:\/\/www.cftproduction.com\/an\/wp-content\/uploads\/2023\/04\/fest-indep-600x338.jpg 600w\" sizes=\"(max-width: 800px) 100vw, 800px\" \/>\t\t\t\t\t\t\t\t<\/a>\n\t\t\t\t\t\t\t\t\t\t\t\t\t\t\t<\/div>\n\t\t\t\t<\/div>\n\t\t\t\t<div class=\"elementor-element elementor-element-5a647e92 elementor-widget elementor-widget-heading\" data-id=\"5a647e92\" data-element_type=\"widget\" data-widget_type=\"heading.default\">\n\t\t\t\t<div class=\"elementor-widget-container\">\n\t\t\t\t\t<h2 class=\"elementor-heading-title elementor-size-default\"><a href=\"https:\/\/ibdaa.tn\/%D8%A7%D9%84%D9%85%D9%87%D8%B1%D8%AC%D8%A7%D9%86-%D8%A7%D9%84%D8%AD%D8%B1-%D9%84%D9%84%D9%81%D9%8A%D9%84%D9%85-%D8%A7%D9%84%D8%A3%D9%88%D9%84-%D9%84%D8%B6%D9%81%D8%AA%D9%8A-%D8%A7%D9%84%D9%85%D8%AA%D9%88%D8%B3%D8%B7\" target=\"_blank\">Festival Independant du premier film deux rives<\/a><\/h2>\t\t\t\t<\/div>\n\t\t\t\t<\/div>\n\t\t\t\t<div class=\"elementor-element elementor-element-d07a0c3 elementor-widget elementor-widget-button\" data-id=\"d07a0c3\" data-element_type=\"widget\" data-widget_type=\"button.default\">\n\t\t\t\t<div class=\"elementor-widget-container\">\n\t\t\t\t\t\t\t\t\t<div class=\"elementor-button-wrapper\">\n\t\t\t\t\t<a class=\"elementor-button elementor-button-link elementor-size-sm\" href=\"https:\/\/ibdaa.tn\/%D8%A7%D9%84%D9%85%D9%87%D8%B1%D8%AC%D8%A7%D9%86-%D8%A7%D9%84%D8%AD%D8%B1-%D9%84%D9%84%D9%81%D9%8A%D9%84%D9%85-%D8%A7%D9%84%D8%A3%D9%88%D9%84-%D9%84%D8%B6%D9%81%D8%AA%D9%8A-%D8%A7%D9%84%D9%85%D8%AA%D9%88%D8%B3%D8%B7\" target=\"_blank\">\n\t\t\t\t\t\t<span class=\"elementor-button-content-wrapper\">\n\t\t\t\t\t\t\t\t\t<span class=\"elementor-button-text\">Plus d'informations<\/span>\n\t\t\t\t\t<\/span>\n\t\t\t\t\t<\/a>\n\t\t\t\t<\/div>\n\t\t\t\t\t\t\t\t<\/div>\n\t\t\t\t<\/div>\n\t\t\t\t\t<\/div>\n\t\t<\/div>\n\t\t\t\t\t<\/div>\n\t\t<\/section>\n\t\t\t\t<section class=\"elementor-section elementor-inner-section elementor-element elementor-element-98f3ff3 envato-kit-141-top-0 elementor-section-boxed elementor-section-height-default elementor-section-height-default\" data-id=\"98f3ff3\" data-element_type=\"section\">\n\t\t\t\t\t\t<div class=\"elementor-container elementor-column-gap-default\">\n\t\t\t\t\t<div class=\"elementor-column elementor-col-33 elementor-inner-column elementor-element elementor-element-87eb69a elementor-invisible\" data-id=\"87eb69a\" data-element_type=\"column\" data-settings=\"{&quot;background_background&quot;:&quot;classic&quot;,&quot;animation&quot;:&quot;fadeIn&quot;,&quot;animation_delay&quot;:100}\">\n\t\t\t<div class=\"elementor-widget-wrap elementor-element-populated\">\n\t\t\t\t\t\t<div class=\"elementor-element elementor-element-05efa23 elementor-widget elementor-widget-image\" data-id=\"05efa23\" data-element_type=\"widget\" data-widget_type=\"image.default\">\n\t\t\t\t<div class=\"elementor-widget-container\">\n\t\t\t\t\t\t\t\t\t\t\t\t\t\t\t\t<a href=\"https:\/\/ibdaa.tn\/%D8%A7%D9%84%D9%85%D8%B4%D8%B1%D9%88%D8%B9-%D8%A7%D9%84%D8%B1%D9%82%D9%85%D9%8A-%D9%85%D8%AE%D8%AA%D8%A8%D8%B1-%D9%81%D9%8A%D9%84%D9%85%D9%8A-%D8%A7%D9%84%D8%A3%D9%88%D9%84-%D9%84%D9%84%D8%A7%D8%A8%D8%AF%D8%A7%D8%B9\" target=\"_blank\">\n\t\t\t\t\t\t\t<img loading=\"lazy\" decoding=\"async\" width=\"1024\" height=\"535\" src=\"https:\/\/www.cftproduction.com\/an\/wp-content\/uploads\/2025\/01\/lab-1024x535.webp\" class=\"attachment-large size-large wp-image-6120\" alt=\"\" srcset=\"https:\/\/www.cftproduction.com\/an\/wp-content\/uploads\/2025\/01\/lab-1024x535.webp 1024w, https:\/\/www.cftproduction.com\/an\/wp-content\/uploads\/2025\/01\/lab-300x157.webp 300w, https:\/\/www.cftproduction.com\/an\/wp-content\/uploads\/2025\/01\/lab-768x401.webp 768w, https:\/\/www.cftproduction.com\/an\/wp-content\/uploads\/2025\/01\/lab-18x9.webp 18w, https:\/\/www.cftproduction.com\/an\/wp-content\/uploads\/2025\/01\/lab.webp 1200w\" sizes=\"(max-width: 1024px) 100vw, 1024px\" \/>\t\t\t\t\t\t\t\t<\/a>\n\t\t\t\t\t\t\t\t\t\t\t\t\t\t\t<\/div>\n\t\t\t\t<\/div>\n\t\t\t\t<div class=\"elementor-element elementor-element-65c2c9c elementor-widget elementor-widget-heading\" data-id=\"65c2c9c\" data-element_type=\"widget\" data-widget_type=\"heading.default\">\n\t\t\t\t<div class=\"elementor-widget-container\">\n\t\t\t\t\t<h2 class=\"elementor-heading-title elementor-size-default\"><a href=\"https:\/\/lab-jeunes-sport.com\/\" target=\"_blank\">LAB Jeunne &amp; Sport <\/a><\/h2>\t\t\t\t<\/div>\n\t\t\t\t<\/div>\n\t\t\t\t<div class=\"elementor-element elementor-element-982607f elementor-widget elementor-widget-button\" data-id=\"982607f\" data-element_type=\"widget\" data-widget_type=\"button.default\">\n\t\t\t\t<div class=\"elementor-widget-container\">\n\t\t\t\t\t\t\t\t\t<div class=\"elementor-button-wrapper\">\n\t\t\t\t\t<a class=\"elementor-button elementor-button-link elementor-size-sm\" href=\"https:\/\/ibdaa.tn\/%D8%A7%D9%84%D9%85%D8%B4%D8%B1%D9%88%D8%B9-%D8%A7%D9%84%D8%B1%D9%82%D9%85%D9%8A-%D9%85%D8%AE%D8%AA%D8%A8%D8%B1-%D9%81%D9%8A%D9%84%D9%85%D9%8A-%D8%A7%D9%84%D8%A3%D9%88%D9%84-%D9%84%D9%84%D8%A7%D8%A8%D8%AF%D8%A7%D8%B9\" target=\"_blank\">\n\t\t\t\t\t\t<span class=\"elementor-button-content-wrapper\">\n\t\t\t\t\t\t\t\t\t<span class=\"elementor-button-text\">Plus d'informations<\/span>\n\t\t\t\t\t<\/span>\n\t\t\t\t\t<\/a>\n\t\t\t\t<\/div>\n\t\t\t\t\t\t\t\t<\/div>\n\t\t\t\t<\/div>\n\t\t\t\t\t<\/div>\n\t\t<\/div>\n\t\t\t\t<div class=\"elementor-column elementor-col-33 elementor-inner-column elementor-element elementor-element-20f295b elementor-invisible\" data-id=\"20f295b\" data-element_type=\"column\" data-settings=\"{&quot;background_background&quot;:&quot;classic&quot;,&quot;animation&quot;:&quot;fadeIn&quot;,&quot;animation_delay&quot;:200}\">\n\t\t\t<div class=\"elementor-widget-wrap\">\n\t\t\t\t\t\t\t<\/div>\n\t\t<\/div>\n\t\t\t\t<div class=\"elementor-column elementor-col-33 elementor-inner-column elementor-element elementor-element-0923bdb elementor-invisible\" data-id=\"0923bdb\" data-element_type=\"column\" data-settings=\"{&quot;background_background&quot;:&quot;classic&quot;,&quot;animation&quot;:&quot;fadeIn&quot;,&quot;animation_delay&quot;:300}\">\n\t\t\t<div class=\"elementor-widget-wrap\">\n\t\t\t\t\t\t\t<\/div>\n\t\t<\/div>\n\t\t\t\t\t<\/div>\n\t\t<\/section>\n\t\t\t\t\t<\/div>\n\t\t<\/div>\n\t\t\t\t\t<\/div>\n\t\t<\/section>\n\t\t\t\t<\/div>\n\t\t","protected":false},"excerpt":{"rendered":"<p>Nos \u00c9v\u00e9nement La platforme numerique Plus d&rsquo;informations Le Festival international du film d&rsquo;El-Managem \u00e0 Jreisa Plus d&rsquo;informations Festival Independant du premier film deux rives Plus d&rsquo;informations LAB Jeunne &amp; Sport Plus d&rsquo;informations<\/p>\n","protected":false},"author":1,"featured_media":0,"parent":0,"menu_order":0,"comment_status":"closed","ping_status":"closed","template":"","meta":{"footnotes":""},"class_list":["post-5490","page","type-page","status-publish","hentry"],"yoast_head":"<!-- This site is optimized with the Yoast SEO plugin v27.3 - https:\/\/yoast.com\/product\/yoast-seo-wordpress\/ -->\n<title>\u00c9v\u00e9nement - CFT PRODUCTION<\/title>\n<meta name=\"robots\" content=\"index, follow, max-snippet:-1, max-image-preview:large, max-video-preview:-1\" \/>\n<link rel=\"canonical\" href=\"https:\/\/www.cftproduction.com\/an\/evenement\/\" \/>\n<meta property=\"og:locale\" content=\"fr_FR\" \/>\n<meta property=\"og:type\" content=\"article\" \/>\n<meta property=\"og:title\" content=\"\u00c9v\u00e9nement - CFT PRODUCTION\" \/>\n<meta property=\"og:description\" content=\"Nos \u00c9v\u00e9nement La platforme numerique Plus d&rsquo;informations Le Festival international du film d&rsquo;El-Managem \u00e0 Jreisa Plus d&rsquo;informations Festival Independant du premier film deux rives Plus d&rsquo;informations LAB Jeunne &amp; Sport Plus d&rsquo;informations\" \/>\n<meta property=\"og:url\" content=\"https:\/\/www.cftproduction.com\/an\/evenement\/\" \/>\n<meta property=\"og:site_name\" content=\"CFT PRODUCTION\" \/>\n<meta property=\"article:modified_time\" content=\"2025-01-06T12:47:46+00:00\" \/>\n<meta property=\"og:image\" content=\"https:\/\/www.cftproduction.com\/an\/wp-content\/uploads\/2023\/04\/AFFICHE-04.png\" \/>\n\t<meta property=\"og:image:width\" content=\"800\" \/>\n\t<meta property=\"og:image:height\" content=\"450\" \/>\n\t<meta property=\"og:image:type\" content=\"image\/png\" \/>\n<meta name=\"twitter:card\" content=\"summary_large_image\" \/>\n<meta name=\"twitter:label1\" content=\"Dur\u00e9e de lecture estim\u00e9e\" \/>\n\t<meta name=\"twitter:data1\" content=\"1 minute\" \/>\n<script type=\"application\/ld+json\" class=\"yoast-schema-graph\">{\"@context\":\"https:\\\/\\\/schema.org\",\"@graph\":[{\"@type\":\"WebPage\",\"@id\":\"https:\\\/\\\/www.cftproduction.com\\\/an\\\/evenement\\\/\",\"url\":\"https:\\\/\\\/www.cftproduction.com\\\/an\\\/evenement\\\/\",\"name\":\"\u00c9v\u00e9nement - CFT PRODUCTION\",\"isPartOf\":{\"@id\":\"https:\\\/\\\/www.cftproduction.com\\\/an\\\/#website\"},\"primaryImageOfPage\":{\"@id\":\"https:\\\/\\\/www.cftproduction.com\\\/an\\\/evenement\\\/#primaryimage\"},\"image\":{\"@id\":\"https:\\\/\\\/www.cftproduction.com\\\/an\\\/evenement\\\/#primaryimage\"},\"thumbnailUrl\":\"https:\\\/\\\/www.cftproduction.com\\\/an\\\/wp-content\\\/uploads\\\/2023\\\/04\\\/AFFICHE-04.png\",\"datePublished\":\"2023-04-06T11:45:55+00:00\",\"dateModified\":\"2025-01-06T12:47:46+00:00\",\"breadcrumb\":{\"@id\":\"https:\\\/\\\/www.cftproduction.com\\\/an\\\/evenement\\\/#breadcrumb\"},\"inLanguage\":\"fr-FR\",\"potentialAction\":[{\"@type\":\"ReadAction\",\"target\":[\"https:\\\/\\\/www.cftproduction.com\\\/an\\\/evenement\\\/\"]}]},{\"@type\":\"ImageObject\",\"inLanguage\":\"fr-FR\",\"@id\":\"https:\\\/\\\/www.cftproduction.com\\\/an\\\/evenement\\\/#primaryimage\",\"url\":\"https:\\\/\\\/www.cftproduction.com\\\/an\\\/wp-content\\\/uploads\\\/2023\\\/04\\\/AFFICHE-04.png\",\"contentUrl\":\"https:\\\/\\\/www.cftproduction.com\\\/an\\\/wp-content\\\/uploads\\\/2023\\\/04\\\/AFFICHE-04.png\",\"width\":800,\"height\":450},{\"@type\":\"BreadcrumbList\",\"@id\":\"https:\\\/\\\/www.cftproduction.com\\\/an\\\/evenement\\\/#breadcrumb\",\"itemListElement\":[{\"@type\":\"ListItem\",\"position\":1,\"name\":\"Accueil\",\"item\":\"https:\\\/\\\/www.cftproduction.com\\\/an\\\/\"},{\"@type\":\"ListItem\",\"position\":2,\"name\":\"\u00c9v\u00e9nement\"}]},{\"@type\":\"WebSite\",\"@id\":\"https:\\\/\\\/www.cftproduction.com\\\/an\\\/#website\",\"url\":\"https:\\\/\\\/www.cftproduction.com\\\/an\\\/\",\"name\":\"CFT PRODUCTION\",\"description\":\"\",\"potentialAction\":[{\"@type\":\"SearchAction\",\"target\":{\"@type\":\"EntryPoint\",\"urlTemplate\":\"https:\\\/\\\/www.cftproduction.com\\\/an\\\/?s={search_term_string}\"},\"query-input\":{\"@type\":\"PropertyValueSpecification\",\"valueRequired\":true,\"valueName\":\"search_term_string\"}}],\"inLanguage\":\"fr-FR\"}]}<\/script>\n<!-- \/ Yoast SEO plugin. -->","yoast_head_json":{"title":"\u00c9v\u00e9nement - CFT PRODUCTION","robots":{"index":"index","follow":"follow","max-snippet":"max-snippet:-1","max-image-preview":"max-image-preview:large","max-video-preview":"max-video-preview:-1"},"canonical":"https:\/\/www.cftproduction.com\/an\/evenement\/","og_locale":"fr_FR","og_type":"article","og_title":"\u00c9v\u00e9nement - CFT PRODUCTION","og_description":"Nos \u00c9v\u00e9nement La platforme numerique Plus d&rsquo;informations Le Festival international du film d&rsquo;El-Managem \u00e0 Jreisa Plus d&rsquo;informations Festival Independant du premier film deux rives Plus d&rsquo;informations LAB Jeunne &amp; Sport Plus d&rsquo;informations","og_url":"https:\/\/www.cftproduction.com\/an\/evenement\/","og_site_name":"CFT PRODUCTION","article_modified_time":"2025-01-06T12:47:46+00:00","og_image":[{"width":800,"height":450,"url":"https:\/\/www.cftproduction.com\/an\/wp-content\/uploads\/2023\/04\/AFFICHE-04.png","type":"image\/png"}],"twitter_card":"summary_large_image","twitter_misc":{"Dur\u00e9e de lecture estim\u00e9e":"1 minute"},"schema":{"@context":"https:\/\/schema.org","@graph":[{"@type":"WebPage","@id":"https:\/\/www.cftproduction.com\/an\/evenement\/","url":"https:\/\/www.cftproduction.com\/an\/evenement\/","name":"\u00c9v\u00e9nement - CFT PRODUCTION","isPartOf":{"@id":"https:\/\/www.cftproduction.com\/an\/#website"},"primaryImageOfPage":{"@id":"https:\/\/www.cftproduction.com\/an\/evenement\/#primaryimage"},"image":{"@id":"https:\/\/www.cftproduction.com\/an\/evenement\/#primaryimage"},"thumbnailUrl":"https:\/\/www.cftproduction.com\/an\/wp-content\/uploads\/2023\/04\/AFFICHE-04.png","datePublished":"2023-04-06T11:45:55+00:00","dateModified":"2025-01-06T12:47:46+00:00","breadcrumb":{"@id":"https:\/\/www.cftproduction.com\/an\/evenement\/#breadcrumb"},"inLanguage":"fr-FR","potentialAction":[{"@type":"ReadAction","target":["https:\/\/www.cftproduction.com\/an\/evenement\/"]}]},{"@type":"ImageObject","inLanguage":"fr-FR","@id":"https:\/\/www.cftproduction.com\/an\/evenement\/#primaryimage","url":"https:\/\/www.cftproduction.com\/an\/wp-content\/uploads\/2023\/04\/AFFICHE-04.png","contentUrl":"https:\/\/www.cftproduction.com\/an\/wp-content\/uploads\/2023\/04\/AFFICHE-04.png","width":800,"height":450},{"@type":"BreadcrumbList","@id":"https:\/\/www.cftproduction.com\/an\/evenement\/#breadcrumb","itemListElement":[{"@type":"ListItem","position":1,"name":"Accueil","item":"https:\/\/www.cftproduction.com\/an\/"},{"@type":"ListItem","position":2,"name":"\u00c9v\u00e9nement"}]},{"@type":"WebSite","@id":"https:\/\/www.cftproduction.com\/an\/#website","url":"https:\/\/www.cftproduction.com\/an\/","name":"CFT PRODUCTION","description":"","potentialAction":[{"@type":"SearchAction","target":{"@type":"EntryPoint","urlTemplate":"https:\/\/www.cftproduction.com\/an\/?s={search_term_string}"},"query-input":{"@type":"PropertyValueSpecification","valueRequired":true,"valueName":"search_term_string"}}],"inLanguage":"fr-FR"}]}},"_links":{"self":[{"href":"https:\/\/www.cftproduction.com\/an\/wp-json\/wp\/v2\/pages\/5490","targetHints":{"allow":["GET"]}}],"collection":[{"href":"https:\/\/www.cftproduction.com\/an\/wp-json\/wp\/v2\/pages"}],"about":[{"href":"https:\/\/www.cftproduction.com\/an\/wp-json\/wp\/v2\/types\/page"}],"author":[{"embeddable":true,"href":"https:\/\/www.cftproduction.com\/an\/wp-json\/wp\/v2\/users\/1"}],"replies":[{"embeddable":true,"href":"https:\/\/www.cftproduction.com\/an\/wp-json\/wp\/v2\/comments?post=5490"}],"version-history":[{"count":58,"href":"https:\/\/www.cftproduction.com\/an\/wp-json\/wp\/v2\/pages\/5490\/revisions"}],"predecessor-version":[{"id":6126,"href":"https:\/\/www.cftproduction.com\/an\/wp-json\/wp\/v2\/pages\/5490\/revisions\/6126"}],"wp:attachment":[{"href":"https:\/\/www.cftproduction.com\/an\/wp-json\/wp\/v2\/media?parent=5490"}],"curies":[{"name":"wp","href":"https:\/\/api.w.org\/{rel}","templated":true}]}}