{"id":1393,"date":"2022-08-21T17:56:45","date_gmt":"2022-08-21T17:56:45","guid":{"rendered":"https:\/\/demo.webtend.net\/wp\/oxence-light\/?page_id=1393"},"modified":"2024-05-14T11:25:53","modified_gmt":"2024-05-14T09:25:53","slug":"contact","status":"publish","type":"page","link":"https:\/\/www.cftproduction.com\/an\/contact\/","title":{"rendered":"Contact"},"content":{"rendered":"\t\t<div data-elementor-type=\"wp-page\" data-elementor-id=\"1393\" class=\"elementor elementor-1393\">\n\t\t\t\t\t\t<section class=\"elementor-section elementor-top-section elementor-element elementor-element-e75c895 elementor-section-boxed elementor-section-height-default elementor-section-height-default\" data-id=\"e75c895\" data-element_type=\"section\">\n\t\t\t\t\t\t<div class=\"elementor-container elementor-column-gap-default\">\n\t\t\t\t\t<div class=\"elementor-column elementor-col-50 elementor-top-column elementor-element elementor-element-4e3e4c2\" data-id=\"4e3e4c2\" data-element_type=\"column\">\n\t\t\t<div class=\"elementor-widget-wrap elementor-element-populated\">\n\t\t\t\t\t\t<div class=\"elementor-element elementor-element-0856a1f elementor-widget elementor-widget-oxence-advanced-heading\" data-id=\"0856a1f\" data-element_type=\"widget\" data-widget_type=\"oxence-advanced-heading.default\">\n\t\t\t\t<div class=\"elementor-widget-container\">\n\t\t\t\t\t        <div class=\"oxence-advanced-heading\">\r\n                            <div class=\"sub-heading\">\r\n                                            <span class=\"arrow-line\">\r\n                            <svg version=\"1.1\" xmlns=\"http:\/\/www.w3.org\/2000\/svg\" viewBox=\"0 0 4.15 1.83\"><path d=\"M0.1,0.57C0.25,0.5,0.39,0.4,0.54,0.32C0.69,0.25,0.85,0.2,1.01,0.19c0.3-0.02,0.57,0.11,0.69,0.39 c0.12,0.27,0.14,0.57,0.39,0.76c0.22,0.17,0.5,0.21,0.77,0.22c0.16,0,0.33-0.01,0.49-0.03C3.43,1.51,3.52,1.5,3.61,1.48 c0.08-0.01,0.17-0.02,0.24-0.06c0.04-0.02,0.02-0.07-0.02-0.07C3.75,1.34,3.68,1.37,3.61,1.38C3.53,1.4,3.46,1.42,3.38,1.43 C3.23,1.46,3.07,1.47,2.91,1.47c-0.29,0-0.63-0.04-0.84-0.26c-0.23-0.23-0.2-0.59-0.39-0.84C1.52,0.18,1.26,0.1,1.01,0.11 C0.85,0.12,0.69,0.17,0.54,0.24c-0.16,0.08-0.34,0.17-0.47,0.3C0.06,0.55,0.08,0.58,0.1,0.57L0.1,0.57z\"\/><polygon points=\"4.06,1.39 3.81,1.24 3.55,1.09 3.78,1.41 3.61,1.76 3.84,1.57\"\/><\/svg>                        <\/span>\r\n                                        <span class=\"sub-heading-text\">Contactez-nous<\/span>                                    <\/div>\r\n                        <h3 class=\"main-heading\"><span class=\"main-text\">Commen\u00e7ons un nouveau projet ou travaillons ensemble ! Nous contacter<\/span><\/h3>        <\/div>\r\n        \t\t\t\t<\/div>\n\t\t\t\t<\/div>\n\t\t\t\t<div class=\"elementor-element elementor-element-98c9fd4 elementor-widget elementor-widget-shortcode\" data-id=\"98c9fd4\" data-element_type=\"widget\" data-widget_type=\"shortcode.default\">\n\t\t\t\t<div class=\"elementor-widget-container\">\n\t\t\t\t\t\t\t<div class=\"elementor-shortcode\"><div class=\"forminator-ui forminator-custom-form forminator-custom-form-6056 forminator-design--material  forminator_ajax\" data-forminator-render=\"0\" data-form=\"forminator-module-6056\" data-uid=\"69e05e6fd679f\"><br\/><\/div><form\n\t\t\t\tid=\"forminator-module-6056\"\n\t\t\t\tclass=\"forminator-ui forminator-custom-form forminator-custom-form-6056 forminator-design--material  forminator_ajax\"\n\t\t\t\tmethod=\"post\"\n\t\t\t\tdata-forminator-render=\"0\"\n\t\t\t\tdata-form-id=\"6056\"\n\t\t\t\t data-color-option=\"default\" data-design=\"material\" data-grid=\"open\" style=\"display: none;\"\n\t\t\t\tdata-uid=\"69e05e6fd679f\"\n\t\t\t><div role=\"alert\" aria-live=\"polite\" class=\"forminator-response-message forminator-error\" aria-hidden=\"true\"><\/div><div class=\"forminator-row\"><div id=\"name-1\" class=\"forminator-field-name forminator-col forminator-col-12 \"><div class=\"forminator-row forminator-no-margin\" data-multiple=\"true\"><div class=\"forminator-col forminator-col-md-6\"><div class=\"forminator-field\"><label for=\"forminator-field-first-name-1_69e05e6fd679f\" id=\"forminator-field-first-name-1_69e05e6fd679f-label\" class=\"forminator-label\">Pr\u00e9nom <span class=\"forminator-required\">*<\/span><\/label><input type=\"text\" name=\"name-1-first-name\" placeholder=\"\" id=\"forminator-field-first-name-1_69e05e6fd679f\" class=\"forminator-input\" aria-required=\"true\" data-multi=\"1\" autocomplete=\"given-name\" value=\"\" \/><\/div><\/div><div class=\"forminator-col forminator-col-md-6\"><div class=\"forminator-field\"><label for=\"forminator-field-last-name-1_69e05e6fd679f\" id=\"forminator-field-last-name-1_69e05e6fd679f-label\" class=\"forminator-label\">Nom de famille <span class=\"forminator-required\">*<\/span><\/label><input type=\"text\" name=\"name-1-last-name\" placeholder=\"\" id=\"forminator-field-last-name-1_69e05e6fd679f\" class=\"forminator-input\" aria-required=\"true\" data-multi=\"1\" autocomplete=\"family-name\" value=\"\" \/><\/div><\/div><\/div><\/div><\/div><div class=\"forminator-row\"><div id=\"email-1\" class=\"forminator-field-email forminator-col forminator-col-12 \"><div class=\"forminator-field\"><label for=\"forminator-field-email-1_69e05e6fd679f\" id=\"forminator-field-email-1_69e05e6fd679f-label\" class=\"forminator-label\">Email <span class=\"forminator-required\">*<\/span><\/label><input type=\"email\" name=\"email-1\" value=\"\" placeholder=\"\" id=\"forminator-field-email-1_69e05e6fd679f\" class=\"forminator-input forminator-email--field\" data-required=\"true\" aria-required=\"true\" autocomplete=\"email\" \/><\/div><\/div><\/div><div class=\"forminator-row\"><div id=\"phone-1\" class=\"forminator-field-phone forminator-col forminator-col-12 \"><div class=\"forminator-field\"><label for=\"forminator-field-phone-1_69e05e6fd679f\" id=\"forminator-field-phone-1_69e05e6fd679f-label\" class=\"forminator-label\">Num\u00e9ro de t\u00e9l\u00e9phone<\/label><input type=\"text\" name=\"phone-1\" value=\"\" placeholder=\"\" id=\"forminator-field-phone-1_69e05e6fd679f\" class=\"forminator-input forminator-field--phone\" data-required=\"\" aria-required=\"false\" autocomplete=\"off\" \/><\/div><\/div><\/div><div class=\"forminator-row\"><div id=\"textarea-1\" class=\"forminator-field-textarea forminator-col forminator-col-12 \"><div class=\"forminator-field\"><label for=\"forminator-field-textarea-1_69e05e6fd679f\" id=\"forminator-field-textarea-1_69e05e6fd679f-label\" class=\"forminator-label\">Message<\/label><textarea name=\"textarea-1\" placeholder=\"Saisissez votre message\u2026\" id=\"forminator-field-textarea-1_69e05e6fd679f\" class=\"forminator-textarea\" rows=\"6\" style=\"min-height:140px;\" maxlength=\"180\" ><\/textarea><span id=\"forminator-field-textarea-1_69e05e6fd679f-description\" class=\"forminator-description\"><span data-limit=\"180\" data-type=\"characters\" data-editor=\"\">0 \/ 180<\/span><\/span><\/div><\/div><\/div><div class=\"forminator-row\"><div id=\"captcha-1\" class=\"forminator-field-captcha forminator-col forminator-col-12 \"><div class=\"forminator-captcha-left forminator-g-recaptcha\" data-theme=\"light\"  data-sitekey=\"6LeOWuMpAAAAAPS0eQekN1X-r4DEXEYY4xYt7qoa\" data-size=\"normal\"><\/div> <\/div><\/div><input type=\"hidden\" name=\"referer_url\" value=\"\" \/><div class=\"forminator-row forminator-row-last\"><div class=\"forminator-col\"><div class=\"forminator-field\"><button class=\"forminator-button forminator-button-submit\"><span>Envoyer le message<\/span><span aria-hidden=\"true\"><\/span><\/button><\/div><\/div><\/div><input type=\"hidden\" id=\"forminator_nonce\" name=\"forminator_nonce\" value=\"cf0f7e665a\" \/><input type=\"hidden\" name=\"_wp_http_referer\" value=\"\/an\/wp-json\/wp\/v2\/pages\/1393\" \/><input type=\"hidden\" name=\"form_id\" value=\"6056\"><input type=\"hidden\" name=\"page_id\" value=\"1393\"><input type=\"hidden\" name=\"form_type\" value=\"default\"><input type=\"hidden\" name=\"current_url\" value=\"https:\/\/www.cftproduction.com\/an\/contact\/\"><input type=\"hidden\" name=\"render_id\" value=\"0\"><input type=\"hidden\" name=\"action\" value=\"forminator_submit_form_custom-forms\"><\/form><\/div>\n\t\t\t\t\t\t<\/div>\n\t\t\t\t<\/div>\n\t\t\t\t\t<\/div>\n\t\t<\/div>\n\t\t\t\t<div class=\"elementor-column elementor-col-50 elementor-top-column elementor-element elementor-element-9aac5be\" data-id=\"9aac5be\" data-element_type=\"column\">\n\t\t\t<div class=\"elementor-widget-wrap elementor-element-populated\">\n\t\t\t\t\t\t<div class=\"elementor-element elementor-element-676a118 elementor-widget elementor-widget-oxence-info-box\" data-id=\"676a118\" data-element_type=\"widget\" data-widget_type=\"oxence-info-box.default\">\n\t\t\t\t<div class=\"elementor-widget-container\">\n\t\t\t\t\t        <div class=\"oxence-info-box text-left icon-left\">\r\n                    <div class=\"box-icon\">\r\n                                                <i aria-hidden=\"true\" class=\"fas fa-map-marker-alt\"><\/i>                                    <\/div>\r\n                    <div class=\"box-content\">\r\n                                    <h5 class=\"box-title\">\r\n                        <span class=\"title-text\">Si\u00e8ge De L'entreprise<\/span>                    <\/h5>\r\n                                <p class=\"description\">106 Rue Sanhaja cit\u00e9 Erriadh Borj Touil Ariana<\/p>            <\/div>\r\n                                <\/div>\r\n        \t\t\t\t<\/div>\n\t\t\t\t<\/div>\n\t\t\t\t<div class=\"elementor-element elementor-element-3192af2 elementor-widget elementor-widget-oxence-info-box\" data-id=\"3192af2\" data-element_type=\"widget\" data-widget_type=\"oxence-info-box.default\">\n\t\t\t\t<div class=\"elementor-widget-container\">\n\t\t\t\t\t        <div class=\"oxence-info-box text-left icon-left\">\r\n                    <div class=\"box-icon\">\r\n                                                <i aria-hidden=\"true\" class=\"fas fa-envelope-open-text\"><\/i>                                    <\/div>\r\n                    <div class=\"box-content\">\r\n                                    <h5 class=\"box-title\">\r\n                        <span class=\"title-text\">adresse email<\/span>                    <\/h5>\r\n                                <p class=\"description\">contact@cftproduction.com<\/p>            <\/div>\r\n                                <\/div>\r\n        \t\t\t\t<\/div>\n\t\t\t\t<\/div>\n\t\t\t\t<div class=\"elementor-element elementor-element-f9929a7 elementor-widget elementor-widget-oxence-info-box\" data-id=\"f9929a7\" data-element_type=\"widget\" data-widget_type=\"oxence-info-box.default\">\n\t\t\t\t<div class=\"elementor-widget-container\">\n\t\t\t\t\t        <div class=\"oxence-info-box text-left icon-left\">\r\n                    <div class=\"box-icon\">\r\n                                                <i aria-hidden=\"true\" class=\"fas fa-phone\"><\/i>                                    <\/div>\r\n                    <div class=\"box-content\">\r\n                                    <h5 class=\"box-title\">\r\n                        <span class=\"title-text\">Num\u00e9ro de t\u00e9l\u00e9phone<\/span>                    <\/h5>\r\n                                <p class=\"description\">GSM : +216 98 818 355\nFax: +216 71 255 581\nT\u00e9l : +216 71 255 580<\/p>            <\/div>\r\n                                <\/div>\r\n        \t\t\t\t<\/div>\n\t\t\t\t<\/div>\n\t\t\t\t<div class=\"elementor-section elementor-inner-section elementor-element elementor-element-315f2d4 elementor-section-full_width elementor-section-height-default elementor-section-height-default\" data-id=\"315f2d4\" data-element_type=\"section\">\n\t\t\t\t\t\t<div class=\"elementor-container elementor-column-gap-default\">\n\t\t\t\t\t<div class=\"elementor-column elementor-col-100 elementor-inner-column elementor-element elementor-element-67608fe\" data-id=\"67608fe\" data-element_type=\"column\">\n\t\t\t<div class=\"elementor-widget-wrap elementor-element-populated\">\n\t\t\t\t\t\t<div class=\"elementor-element elementor-element-040a66c elementor-widget elementor-widget-heading\" data-id=\"040a66c\" data-element_type=\"widget\" data-widget_type=\"heading.default\">\n\t\t\t\t<div class=\"elementor-widget-container\">\n\t\t\t\t\t<h4 class=\"elementor-heading-title elementor-size-default\">Suivez-nous<\/h4>\t\t\t\t<\/div>\n\t\t\t\t<\/div>\n\t\t\t\t<div class=\"elementor-element elementor-element-d5a16f5 elementor-shape-circle elementor-grid-0 e-grid-align-center elementor-widget elementor-widget-social-icons\" data-id=\"d5a16f5\" data-element_type=\"widget\" data-widget_type=\"social-icons.default\">\n\t\t\t\t<div class=\"elementor-widget-container\">\n\t\t\t\t\t\t\t<div class=\"elementor-social-icons-wrapper elementor-grid\" role=\"list\">\n\t\t\t\t\t\t\t<span class=\"elementor-grid-item\" role=\"listitem\">\n\t\t\t\t\t<a class=\"elementor-icon elementor-social-icon elementor-social-icon-facebook-f elementor-repeater-item-49344bf\" href=\"https:\/\/www.facebook.com\/cftproduction\" target=\"_blank\">\n\t\t\t\t\t\t<span class=\"elementor-screen-only\">Facebook-f<\/span>\n\t\t\t\t\t\t<i class=\"fab fa-facebook-f\"><\/i>\t\t\t\t\t<\/a>\n\t\t\t\t<\/span>\n\t\t\t\t\t\t\t<span class=\"elementor-grid-item\" role=\"listitem\">\n\t\t\t\t\t<a class=\"elementor-icon elementor-social-icon elementor-social-icon-linkedin-in elementor-repeater-item-c990632\" href=\"#\" target=\"_blank\">\n\t\t\t\t\t\t<span class=\"elementor-screen-only\">Linkedin-in<\/span>\n\t\t\t\t\t\t<i class=\"fab fa-linkedin-in\"><\/i>\t\t\t\t\t<\/a>\n\t\t\t\t<\/span>\n\t\t\t\t\t\t\t<span class=\"elementor-grid-item\" role=\"listitem\">\n\t\t\t\t\t<a class=\"elementor-icon elementor-social-icon elementor-social-icon-instagram elementor-repeater-item-d8a6ddc\" target=\"_blank\">\n\t\t\t\t\t\t<span class=\"elementor-screen-only\">Instagram<\/span>\n\t\t\t\t\t\t<i class=\"fab fa-instagram\"><\/i>\t\t\t\t\t<\/a>\n\t\t\t\t<\/span>\n\t\t\t\t\t\t\t<span class=\"elementor-grid-item\" role=\"listitem\">\n\t\t\t\t\t<a class=\"elementor-icon elementor-social-icon elementor-social-icon-tiktok elementor-repeater-item-c384240\" href=\"https:\/\/www.tiktok.com\/@cftprod\" target=\"_blank\">\n\t\t\t\t\t\t<span class=\"elementor-screen-only\">Tiktok<\/span>\n\t\t\t\t\t\t<i class=\"fab fa-tiktok\"><\/i>\t\t\t\t\t<\/a>\n\t\t\t\t<\/span>\n\t\t\t\t\t\t\t<span class=\"elementor-grid-item\" role=\"listitem\">\n\t\t\t\t\t<a class=\"elementor-icon elementor-social-icon elementor-social-icon-youtube elementor-repeater-item-dc35965\" href=\"https:\/\/www.youtube.com\/channel\/UCPYndSkfSxehLng6i6hlu0A\" target=\"_blank\">\n\t\t\t\t\t\t<span class=\"elementor-screen-only\">Youtube<\/span>\n\t\t\t\t\t\t<i class=\"fab fa-youtube\"><\/i>\t\t\t\t\t<\/a>\n\t\t\t\t<\/span>\n\t\t\t\t\t<\/div>\n\t\t\t\t\t\t<\/div>\n\t\t\t\t<\/div>\n\t\t\t\t\t<\/div>\n\t\t<\/div>\n\t\t\t\t\t<\/div>\n\t\t<\/div>\n\t\t\t\t\t<\/div>\n\t\t<\/div>\n\t\t\t\t\t<\/div>\n\t\t<\/section>\n\t\t\t\t<section class=\"elementor-section elementor-top-section elementor-element elementor-element-72daa62 elementor-section-full_width elementor-section-height-default elementor-section-height-default\" data-id=\"72daa62\" data-element_type=\"section\">\n\t\t\t\t\t\t<div class=\"elementor-container elementor-column-gap-default\">\n\t\t\t\t\t<div class=\"elementor-column elementor-col-100 elementor-top-column elementor-element elementor-element-26deb34\" data-id=\"26deb34\" data-element_type=\"column\">\n\t\t\t<div class=\"elementor-widget-wrap elementor-element-populated\">\n\t\t\t\t\t\t<div class=\"elementor-element elementor-element-2d1fbea elementor-widget elementor-widget-google_maps\" data-id=\"2d1fbea\" data-element_type=\"widget\" data-widget_type=\"google_maps.default\">\n\t\t\t\t<div class=\"elementor-widget-container\">\n\t\t\t\t\t\t\t<div class=\"elementor-custom-embed\">\n\t\t\t<iframe loading=\"lazy\"\n\t\t\t\t\tsrc=\"https:\/\/maps.google.com\/maps?q=Borj%20Touil%20Ariana&#038;t=m&#038;z=10&#038;output=embed&#038;iwloc=near\"\n\t\t\t\t\ttitle=\"Borj Touil Ariana\"\n\t\t\t\t\taria-label=\"Borj Touil Ariana\"\n\t\t\t><\/iframe>\n\t\t<\/div>\n\t\t\t\t\t\t<\/div>\n\t\t\t\t<\/div>\n\t\t\t\t\t<\/div>\n\t\t<\/div>\n\t\t\t\t\t<\/div>\n\t\t<\/section>\n\t\t\t\t<\/div>\n\t\t","protected":false},"excerpt":{"rendered":"<p>Contactez-nous Commen\u00e7ons un nouveau projet ou travaillons ensemble ! Nous contacter Si\u00e8ge De L&rsquo;entreprise 106 Rue Sanhaja cit\u00e9 Erriadh Borj Touil Ariana adresse email contact@cftproduction.com Num\u00e9ro de t\u00e9l\u00e9phone GSM : +216 98 818 355 Fax: +216 71 255 581 T\u00e9l : +216 71 255 580 Suivez-nous Facebook-f Linkedin-in Instagram Tiktok Youtube<\/p>\n","protected":false},"author":1,"featured_media":0,"parent":0,"menu_order":0,"comment_status":"closed","ping_status":"closed","template":"","meta":{"footnotes":""},"class_list":["post-1393","page","type-page","status-publish","hentry"],"yoast_head":"<!-- This site is optimized with the Yoast SEO plugin v27.3 - https:\/\/yoast.com\/product\/yoast-seo-wordpress\/ -->\n<title>Contact - CFT PRODUCTION<\/title>\n<meta name=\"robots\" content=\"index, follow, max-snippet:-1, max-image-preview:large, max-video-preview:-1\" \/>\n<link rel=\"canonical\" href=\"https:\/\/www.cftproduction.com\/an\/contact\/\" \/>\n<meta property=\"og:locale\" content=\"fr_FR\" \/>\n<meta property=\"og:type\" content=\"article\" \/>\n<meta property=\"og:title\" content=\"Contact - CFT PRODUCTION\" \/>\n<meta property=\"og:description\" content=\"Contactez-nous Commen\u00e7ons un nouveau projet ou travaillons ensemble ! Nous contacter Si\u00e8ge De L&rsquo;entreprise 106 Rue Sanhaja cit\u00e9 Erriadh Borj Touil Ariana adresse email contact@cftproduction.com Num\u00e9ro de t\u00e9l\u00e9phone GSM : +216 98 818 355 Fax: +216 71 255 581 T\u00e9l : +216 71 255 580 Suivez-nous Facebook-f Linkedin-in Instagram Tiktok Youtube\" \/>\n<meta property=\"og:url\" content=\"https:\/\/www.cftproduction.com\/an\/contact\/\" \/>\n<meta property=\"og:site_name\" content=\"CFT PRODUCTION\" \/>\n<meta property=\"article:modified_time\" content=\"2024-05-14T09:25:53+00:00\" \/>\n<meta name=\"twitter:card\" content=\"summary_large_image\" \/>\n<script type=\"application\/ld+json\" class=\"yoast-schema-graph\">{\"@context\":\"https:\\\/\\\/schema.org\",\"@graph\":[{\"@type\":\"WebPage\",\"@id\":\"https:\\\/\\\/www.cftproduction.com\\\/an\\\/contact\\\/\",\"url\":\"https:\\\/\\\/www.cftproduction.com\\\/an\\\/contact\\\/\",\"name\":\"Contact - CFT PRODUCTION\",\"isPartOf\":{\"@id\":\"https:\\\/\\\/www.cftproduction.com\\\/an\\\/#website\"},\"datePublished\":\"2022-08-21T17:56:45+00:00\",\"dateModified\":\"2024-05-14T09:25:53+00:00\",\"breadcrumb\":{\"@id\":\"https:\\\/\\\/www.cftproduction.com\\\/an\\\/contact\\\/#breadcrumb\"},\"inLanguage\":\"fr-FR\",\"potentialAction\":[{\"@type\":\"ReadAction\",\"target\":[\"https:\\\/\\\/www.cftproduction.com\\\/an\\\/contact\\\/\"]}]},{\"@type\":\"BreadcrumbList\",\"@id\":\"https:\\\/\\\/www.cftproduction.com\\\/an\\\/contact\\\/#breadcrumb\",\"itemListElement\":[{\"@type\":\"ListItem\",\"position\":1,\"name\":\"Accueil\",\"item\":\"https:\\\/\\\/www.cftproduction.com\\\/an\\\/\"},{\"@type\":\"ListItem\",\"position\":2,\"name\":\"Contact\"}]},{\"@type\":\"WebSite\",\"@id\":\"https:\\\/\\\/www.cftproduction.com\\\/an\\\/#website\",\"url\":\"https:\\\/\\\/www.cftproduction.com\\\/an\\\/\",\"name\":\"CFT PRODUCTION\",\"description\":\"\",\"potentialAction\":[{\"@type\":\"SearchAction\",\"target\":{\"@type\":\"EntryPoint\",\"urlTemplate\":\"https:\\\/\\\/www.cftproduction.com\\\/an\\\/?s={search_term_string}\"},\"query-input\":{\"@type\":\"PropertyValueSpecification\",\"valueRequired\":true,\"valueName\":\"search_term_string\"}}],\"inLanguage\":\"fr-FR\"}]}<\/script>\n<!-- \/ Yoast SEO plugin. -->","yoast_head_json":{"title":"Contact - CFT PRODUCTION","robots":{"index":"index","follow":"follow","max-snippet":"max-snippet:-1","max-image-preview":"max-image-preview:large","max-video-preview":"max-video-preview:-1"},"canonical":"https:\/\/www.cftproduction.com\/an\/contact\/","og_locale":"fr_FR","og_type":"article","og_title":"Contact - CFT PRODUCTION","og_description":"Contactez-nous Commen\u00e7ons un nouveau projet ou travaillons ensemble ! Nous contacter Si\u00e8ge De L&rsquo;entreprise 106 Rue Sanhaja cit\u00e9 Erriadh Borj Touil Ariana adresse email contact@cftproduction.com Num\u00e9ro de t\u00e9l\u00e9phone GSM : +216 98 818 355 Fax: +216 71 255 581 T\u00e9l : +216 71 255 580 Suivez-nous Facebook-f Linkedin-in Instagram Tiktok Youtube","og_url":"https:\/\/www.cftproduction.com\/an\/contact\/","og_site_name":"CFT PRODUCTION","article_modified_time":"2024-05-14T09:25:53+00:00","twitter_card":"summary_large_image","schema":{"@context":"https:\/\/schema.org","@graph":[{"@type":"WebPage","@id":"https:\/\/www.cftproduction.com\/an\/contact\/","url":"https:\/\/www.cftproduction.com\/an\/contact\/","name":"Contact - CFT PRODUCTION","isPartOf":{"@id":"https:\/\/www.cftproduction.com\/an\/#website"},"datePublished":"2022-08-21T17:56:45+00:00","dateModified":"2024-05-14T09:25:53+00:00","breadcrumb":{"@id":"https:\/\/www.cftproduction.com\/an\/contact\/#breadcrumb"},"inLanguage":"fr-FR","potentialAction":[{"@type":"ReadAction","target":["https:\/\/www.cftproduction.com\/an\/contact\/"]}]},{"@type":"BreadcrumbList","@id":"https:\/\/www.cftproduction.com\/an\/contact\/#breadcrumb","itemListElement":[{"@type":"ListItem","position":1,"name":"Accueil","item":"https:\/\/www.cftproduction.com\/an\/"},{"@type":"ListItem","position":2,"name":"Contact"}]},{"@type":"WebSite","@id":"https:\/\/www.cftproduction.com\/an\/#website","url":"https:\/\/www.cftproduction.com\/an\/","name":"CFT PRODUCTION","description":"","potentialAction":[{"@type":"SearchAction","target":{"@type":"EntryPoint","urlTemplate":"https:\/\/www.cftproduction.com\/an\/?s={search_term_string}"},"query-input":{"@type":"PropertyValueSpecification","valueRequired":true,"valueName":"search_term_string"}}],"inLanguage":"fr-FR"}]}},"_links":{"self":[{"href":"https:\/\/www.cftproduction.com\/an\/wp-json\/wp\/v2\/pages\/1393","targetHints":{"allow":["GET"]}}],"collection":[{"href":"https:\/\/www.cftproduction.com\/an\/wp-json\/wp\/v2\/pages"}],"about":[{"href":"https:\/\/www.cftproduction.com\/an\/wp-json\/wp\/v2\/types\/page"}],"author":[{"embeddable":true,"href":"https:\/\/www.cftproduction.com\/an\/wp-json\/wp\/v2\/users\/1"}],"replies":[{"embeddable":true,"href":"https:\/\/www.cftproduction.com\/an\/wp-json\/wp\/v2\/comments?post=1393"}],"version-history":[{"count":30,"href":"https:\/\/www.cftproduction.com\/an\/wp-json\/wp\/v2\/pages\/1393\/revisions"}],"predecessor-version":[{"id":6059,"href":"https:\/\/www.cftproduction.com\/an\/wp-json\/wp\/v2\/pages\/1393\/revisions\/6059"}],"wp:attachment":[{"href":"https:\/\/www.cftproduction.com\/an\/wp-json\/wp\/v2\/media?parent=1393"}],"curies":[{"name":"wp","href":"https:\/\/api.w.org\/{rel}","templated":true}]}}